{"id":1151,"date":"2024-01-05T22:21:20","date_gmt":"2024-01-05T20:21:20","guid":{"rendered":"http:\/\/ears-are-wings.stupidius.net\/?page_id=1151"},"modified":"2024-01-05T22:27:12","modified_gmt":"2024-01-05T20:27:12","slug":"impressum-privacy-policy","status":"publish","type":"page","link":"http:\/\/ears-are-wings.stupidius.net\/?page_id=1151","title":{"rendered":"Impressum &#038; Privacy Policy"},"content":{"rendered":"\n<p>Angaben gem\u00e4\u00df \u00a7 5 TMG<\/p>\n\n\n\n<p>Bernhard Bauch<br>Ortwiger Kruschke 6<br>15324 Letschin OT Ortwig<br>Germany<\/p>\n\n\n\n<p>Haftungsausschluss:<\/p>\n\n\n\n<p>Haftung f\u00fcr Links<\/p>\n\n\n\n<p>Unser Angebot enth\u00e4lt Links zu externen Webseiten Dritter, auf deren Inhalte wir keinen Einfluss haben. Deshalb k\u00f6nnen wir f\u00fcr diese fremden Inhalte auch keine Gew\u00e4hr \u00fcbernehmen. F\u00fcr die Inhalte der verlinkten Seiten ist stets der jeweilige Anbieter oder Betreiber der Seiten verantwortlich. Die verlinkten Seiten wurden zum Zeitpunkt der Verlinkung auf m\u00f6gliche Rechtsverst\u00f6\u00dfe \u00fcberpr\u00fcft. Rechtswidrige Inhalte waren zum Zeitpunkt der Verlinkung nicht erkennbar. Eine permanente inhaltliche Kontrolle der verlinkten Seiten ist jedoch ohne konkrete Anhaltspunkte einer Rechtsverletzung nicht zumutbar. Bei Bekanntwerden von Rechtsverletzungen werden wir derartige Links umgehend entfernen.<\/p>\n\n\n\n<p><\/p>\n\n\n\n<p><strong>Privacy Policy<\/strong><\/p>\n\n\n\n<p>Datenschutzerkl\u00e4rung<br>Mit dieser Datenschutzerkl\u00e4rung m\u00f6chten wir Sie \u00fcber Art, Umfang und Zweck der Verarbeitung von personenbezogenen Daten (im Folgenden auch nur als \u201cDaten\u201d bezeichnet) aufkl\u00e4ren. Personenbezogene Daten sind alle Daten, die einen pers\u00f6nlichen Bezug zu Ihnen aufweisen, z. B. Name, Adresse, E-Mail-Adresse oder Ihr Nutzerverhalten. Die Datenschutzerkl\u00e4rung gilt f\u00fcr alle von uns vorgenommene Daten-Verarbeitungsvorg\u00e4nge sowohl im Rahmen unserer Kernt\u00e4tigkeit als auch f\u00fcr die von uns vorgehaltenen Online-Medien.<br>Wer bei uns f\u00fcr die Datenverarbeitung verantwortlich ist<br>Verantwortlich f\u00fcr die Datenverarbeitung ist:<br>Bernhard Bauch, \u2028Ortwiger Kruschke 6, 15324 Letschin OT Ortwig, \u2028Deutschland, \u2028spam@stupidius.net, \u2028https:\/\/stupidius.net<br>Ihre Rechte nach der DSGVO<br>Nach der DSGVO stehen Ihnen die nachfolgend aufgef\u00fchrten Rechte zu, die Sie jederzeit bei dem in Ziffer 1. dieser Datenschutzerkl\u00e4rung genannten Verantwortlichen geltend machen k\u00f6nnen:<\/p>\n\n\n\n<ul class=\"wp-block-list\">\n<li>Recht auf Auskunft: Sie haben das Recht, von uns Auskunft dar\u00fcber zu verlangen, ob und welche Daten wir von Ihnen verarbeiten.<\/li>\n\n\n\n<li>Recht auf Berichtigung: Sie haben das Recht, die Berichtigung unrichtiger oder Vervollst\u00e4ndigung unvollst\u00e4ndiger Daten zu verlangen.<\/li>\n\n\n\n<li>Recht auf L\u00f6schung: Sie haben das Recht, die L\u00f6schung Ihrer Daten zu verlangen.<\/li>\n\n\n\n<li>Recht auf Einschr\u00e4nkung: Sie haben in bestimmten F\u00e4llen das Recht zu verlangen, dass wir Ihre Daten nur noch eingeschr\u00e4nkt bearbeiten.<\/li>\n\n\n\n<li>Recht auf Daten\u00fcbertragbarkeit: Sie haben das Recht zu verlangen, dass wir Ihnen oder einem anderen Verantwortlichen Ihre Daten in einem strukturierten, g\u00e4ngigen und maschinenlesebaren Format \u00fcbermitteln.<\/li>\n\n\n\n<li>Beschwerderecht: Sie haben das Recht, sich bei einer Aufsichtsbeh\u00f6rde zu beschweren. Zust\u00e4ndig ist die Aufsichtsbeh\u00f6rde Ihres \u00fcblichen Aufenthaltsortes, Ihres Arbeitsplatzes oder unseres Firmensitzes.<br>Widerrufsrecht<br>Sie haben das Recht, die von Ihnen erteilte Einwilligung zur Datenverarbeitung jederzeit zu widerrufen.<br>Widerspruchsrecht<br>Sie haben das Recht, jederzeit gegen die Verarbeitung Ihrer Daten, die wir auf unser berechtigtes Interesse nach Art. 6 Abs. 1 lit. f DSGVO st\u00fctzen, Widerspruch einzulegen. Sofern Sie von Ihrem Widerspruchsrecht Gebrauch machen, bitten wir Sie um die Darlegung der Gr\u00fcnde. Wir werden Ihre personenbezogenen Daten dann nicht mehr verarbeiten, es sei denn, wir k\u00f6nnen Ihnen gegen\u00fcber nachweisen, dass zwingende schutzw\u00fcrdige Gr\u00fcnde an der Datenverarbeitung Ihre Interessen und Rechte \u00fcberwiegen.<br>Unabh\u00e4ngig vom vorstehend Gesagten, haben Sie das jederzeitige Recht, der Verarbeitung Ihrer personenbezogenen Daten f\u00fcr Zwecke der Werbung und Datenanalyse zu widersprechen.<br>Ihren Widerspruch richten Sie bitte an die oben angegebene Kontaktadresse des Verantwortlichen.<br>Wann l\u00f6schen wir Ihre Daten?<br>Wir l\u00f6schen Ihre Daten dann, wenn wir diese nicht mehr brauchen oder Sie uns dies vorgeben. Das bedeutet, dass \u2013 sofern sich aus den einzelnen Datenschutzhinweisen dieser Datenschutzerkl\u00e4rung nichts anderes ergibt \u2013 wir Ihre Daten l\u00f6schen,<\/li>\n\n\n\n<li>wenn der Zweck der Datenverarbeitung weggefallen ist und damit die jeweilige in den einzelnen Datenschutzhinweisen genannte Rechtsgrundlage nicht mehr besteht, also bspw.<br>\u25e6 nach Beendigung der zwischen uns bestehenden vertraglichen oder mitgliedschaftlichen Beziehungen (Art. 6 Abs. 1 lit. a DSGVO) oder<br>\u25e6 nach Wegfall unseres berechtigten Interesses an der weiteren Verarbeitung oder Speicherung Ihrer Daten (Art. 6 Abs. 1 lit. f DSGVO),<\/li>\n\n\n\n<li>wenn Sie von Ihrem Widerrufsrecht Gebrauch machen und keine anderweitige gesetzliche Rechtsgrundlage f\u00fcr die Verarbeitung im Sinne von Art. 6 Abs. 1 lit. b-f DSGVO eingreift,<\/li>\n\n\n\n<li>wenn Sie vom Ihrem Widerspruchsrecht Gebrauch machen und der L\u00f6schung keine zwingenden schutzw\u00fcrdigen Gr\u00fcnde entgegenstehen.<br>Sofern wir (bestimmte Teile) Ihre(r) Daten jedoch noch f\u00fcr andere Zwecke vorhalten m\u00fcssen, weil dies etwa steuerliche Aufbewahrungsfristen (in der Regel 6 Jahre f\u00fcr Gesch\u00e4ftskorrespondenz bzw. 10 Jahre f\u00fcr Buchungsbelege) oder die Geltendmachung, Aus\u00fcbung oder Verteidigung von Rechtsanspr\u00fcchen aus vertraglichen Beziehungen (bis zu vier Jahren) erforderlich machen oder die Daten zum Schutz der Rechte einer anderen nat\u00fcrlichen oder juristischen Person gebraucht werden, l\u00f6schen wir (den Teil) Ihre(r) Daten erst nach Ablauf dieser Fristen. Bis zum Ablauf dieser Fristen beschr\u00e4nken wir die Verarbeitung dieser Daten jedoch auf diese Zwecke (Erf\u00fcllung der Aufbewahrungspflichten).<br>Webhosting<br>Wir bedienen uns zum Vorhalten unserer Internetseiten eines Anbieters, auf dessen Server unsere Internetseiten gespeichert und f\u00fcr den Abruf im Internet verf\u00fcgbar gemacht werden (Hosting). Hierbei k\u00f6nnen von dem Anbieter all diejenigen \u00fcber den von Ihnen genutzten Browser \u00fcbertragenen Daten verarbeitet werden, die bei der Nutzung unserer Internetseiten anfallen. Hierzu geh\u00f6ren insbesondere Ihre IP-Adresse, die der Anbieter ben\u00f6tigt, um unser Online-Angebot an den von Ihnen genutzten Browser ausliefern zu k\u00f6nnen sowie s\u00e4mtliche von Ihnen \u00fcber unsere Internetseite get\u00e4tigten Eingaben. Daneben kann der von uns genutzte Anbieter<\/li>\n\n\n\n<li>das Datum und die Uhrzeit des Zugriffs auf unsere Internetseite<\/li>\n\n\n\n<li>Zeitzonendifferenz zur Greenwich Mean Time (GMT)<\/li>\n\n\n\n<li>Zugriffsstatus (HTTP-Status)<\/li>\n\n\n\n<li>die \u00fcbertragene Datenmenge<\/li>\n\n\n\n<li>der Internet-Service-Provider des zugreifenden Systems<\/li>\n\n\n\n<li>der von Ihnen verwendete Browsertyp und dessen Version<\/li>\n\n\n\n<li>das von Ihnen verwendete Betriebssystem<\/li>\n\n\n\n<li>die Internetseite, von welcher Sie gegebenenfalls auf unsere Internetseite gelangt sind<\/li>\n\n\n\n<li>die Seiten bzw. Unterseiten, welche Sie auf unserer Internetseite besuchen.<br>erheben. Die vorgenannten Daten werden als Logfiles auf den Servern unseres Anbieters gespeichert. Dies ist erforderlich, um die Stabilit\u00e4t und Sicherheit des Betriebs unserer Internetseite zu gew\u00e4hrleisten.<br>Betroffene Daten:<\/li>\n\n\n\n<li>Inhaltsdaten (bspw. Posts, Fotos, Videos)<\/li>\n\n\n\n<li>Nutzungsdaten (bspw. Zugriffszeiten, angeklickte Webseiten)<\/li>\n\n\n\n<li>Kommunikationsdaten (bspw. Informationen \u00fcber das genutzte Ger\u00e4t, IP-Adresse)<br>Betroffene Personen: Nutzer unserer Internetpr\u00e4senz<br>Verarbeitungszweck: Ausspielen unserer Internetseiten, Gew\u00e4hrleistung des Betriebs unserer Internetseiten<br>Rechtsgrundlage: Berechtigtes Interesse, Art. 6 Abs. 1 lit. f DSGVO<br>Von uns beauftragte(r) Webhoster:<br>dogado GmbH<br>Dienstanbieter: dogado GmbH\u2028Internetseite: Saarlandstra\u00dfe 25, 44139 Dortmund\/Germany\u2028Datenschutzerkl\u00e4rung: https:\/\/www.dogado.de\/<br>Kontaktaufnahme<br>Soweit Sie uns \u00fcber E-Mail, Soziale Medien, Telefon, Fax, Post, unser Kontaktformular oder sonstwie ansprechen und uns hierbei personenbezogene Daten wie Ihren Namen, Ihre Telefonnummer oder Ihre E-Mail-Adresse zur Verf\u00fcgung stellen oder weitere Angaben zur Ihrer Person oder Ihrem Anliegen machen, verarbeiten wir diese Daten zur Beantwortung Ihrer Anfrage im Rahmen des zwischen uns bestehenden vorvertraglichen oder vertraglichen Beziehungen.<br>Betroffene Daten:<\/li>\n\n\n\n<li>Bestandsdaten (bspw. Namen, Adressen)<\/li>\n\n\n\n<li>Kontakdaten (bspw. E-Mail-Adresse, Telefonnummer, Postanschrift)<\/li>\n\n\n\n<li>Inhaltsdaten (Texte, Fotos, Videos)<\/li>\n\n\n\n<li>Vertragsdaten (bspw. Vertragsgegenstand, Vertragsdauer)<br>Betroffene Personen: Interessenten, Kunden, Gesch\u00e4fts- und Vertragspartner<br>Verarbeitungszweck: Kommunikation sowie Beantwortung von Kontaktanfragen, B\u00fcro und Organisationsverfahren<br>Rechtsgrundlage: Vertragserf\u00fcllung und vorvertragliche Anfragen, Art. 6 Abs. 1 lit. b DSGVO, berechtigtes Interesse, Art. 6 Abs. 1 lit. f DSGVO<br><\/li>\n\n\n\n<li>Diese Website verwendet Google Service! Insbesondere Google Maps. Sollten Sie damit nicht einverstanden sein, bitte verlassen Sie diese Seite umgehend.<br><\/li>\n\n\n\n<li>Sicherheitsma\u00dfnahmen<br>Wir treffen im \u00dcbrigen technische und organisatorische Sicherheitsma\u00dfnahmen nach dem Stand der Technik, um die Vorschriften der Datenschutzgesetze einzuhalten und Ihre Daten gegen zuf\u00e4llige oder vors\u00e4tzliche Manipulationen, teilweisen oder vollst\u00e4ndigen Verlust, Zerst\u00f6rung oder gegen den unbefugten Zugriff Dritter zu sch\u00fctzen.<br>Aktualit\u00e4t und \u00c4nderung dieser Datenschutzerkl\u00e4rung<br>Diese Datenschutzerkl\u00e4rung ist aktuell g\u00fcltig und hat den Stand M\u00e4rz 2022. Aufgrund ge\u00e4nderter gesetzlicher bzw. beh\u00f6rdlicher Vorgaben kann es notwendig werden, diese Datenschutzerkl\u00e4rung anzupassen.<br>Diese Datenschutzerkl\u00e4rung wurde mit Hilfe des Datenschutz-Generators von SOS Recht erstellt. SOS Recht ist ein Angebot der Mueller.legal Rechtsanw\u00e4lte Partnerschaft mit Sitz in Berlin.<\/li>\n<\/ul>\n","protected":false},"excerpt":{"rendered":"<p>Angaben gem\u00e4\u00df \u00a7 5 TMG Bernhard BauchOrtwiger Kruschke 615324 Letschin OT OrtwigGermany Haftungsausschluss: Haftung f\u00fcr Links Unser Angebot enth\u00e4lt Links zu externen Webseiten Dritter, auf deren Inhalte wir keinen Einfluss haben. Deshalb k\u00f6nnen wir f\u00fcr diese fremden Inhalte auch keine Gew\u00e4hr \u00fcbernehmen. F\u00fcr die Inhalte der verlinkten Seiten ist stets der jeweilige Anbieter oder Betreiber [&hellip;]<\/p>\n","protected":false},"author":1,"featured_media":0,"parent":0,"menu_order":0,"comment_status":"closed","ping_status":"closed","template":"","meta":{"footnotes":""},"class_list":["post-1151","page","type-page","status-publish","hentry"],"_links":{"self":[{"href":"http:\/\/ears-are-wings.stupidius.net\/index.php?rest_route=\/wp\/v2\/pages\/1151","targetHints":{"allow":["GET"]}}],"collection":[{"href":"http:\/\/ears-are-wings.stupidius.net\/index.php?rest_route=\/wp\/v2\/pages"}],"about":[{"href":"http:\/\/ears-are-wings.stupidius.net\/index.php?rest_route=\/wp\/v2\/types\/page"}],"author":[{"embeddable":true,"href":"http:\/\/ears-are-wings.stupidius.net\/index.php?rest_route=\/wp\/v2\/users\/1"}],"replies":[{"embeddable":true,"href":"http:\/\/ears-are-wings.stupidius.net\/index.php?rest_route=%2Fwp%2Fv2%2Fcomments&post=1151"}],"version-history":[{"count":2,"href":"http:\/\/ears-are-wings.stupidius.net\/index.php?rest_route=\/wp\/v2\/pages\/1151\/revisions"}],"predecessor-version":[{"id":1155,"href":"http:\/\/ears-are-wings.stupidius.net\/index.php?rest_route=\/wp\/v2\/pages\/1151\/revisions\/1155"}],"wp:attachment":[{"href":"http:\/\/ears-are-wings.stupidius.net\/index.php?rest_route=%2Fwp%2Fv2%2Fmedia&parent=1151"}],"curies":[{"name":"wp","href":"https:\/\/api.w.org\/{rel}","templated":true}]}}